{"id":67,"date":"2019-05-17T10:06:53","date_gmt":"2019-05-17T08:06:53","guid":{"rendered":"https:\/\/www.yogacodroipo.it\/?page_id=67"},"modified":"2024-09-18T17:06:31","modified_gmt":"2024-09-18T15:06:31","slug":"hatha-yoga","status":"publish","type":"page","link":"https:\/\/www.yogacodroipo.it\/?page_id=67","title":{"rendered":"Hatha Yoga"},"content":{"rendered":"\n<p>Lo Yoga \u00e8 un\u2019antica disciplina Indiana, una scienza millenaria basata su un sistema armonico di sviluppo del corpo e della mente di un ogni essere umano.<\/p>\n\n\n\n<p>Questi elementi non sono separati, ma si influenzano costantemente e reciprocamente. Partendo dal lavoro sul corpo, sciogliendo le tensioni muscolari e articolari, possiamo percepire dei benefici a livello fisico, mentale ed emozionale.<\/p>\n\n\n\n<p>Chi si cimenta nella pratica dello Yoga, principiante o esperto che sia, si mette a confronto con tutti gli aspetti che coinvolgono la propria persona. Per mezzo di una serie di posizioni del corpo unite a una respirazione corretta \u00e8 possibile migliorare la consapevolezza di s\u00e9, l\u2019atteggiamento posturale e mentale. Questa lavoro&nbsp; consente alla persona di acquisire maggiore consapevolezza delle diverse aree del proprio corpo e di mantenere agilit\u00e0 ed elasticit\u00e0 fisica. Cos\u00ec la pratica costante ci consente di affrontare al meglio la quotidianit\u00e0 delle nostre vite, rendendoci pi\u00f9 consapevoli di noi stessi e di ci\u00f2 che ci circonda.<\/p>\n\n\n\n<p>Durante l\u2019anno accademico 2024\/2025 tutti i corsi di Hatha Yoga sono sospesi, per esigenze della mia famiglia. Ci rivedremo presto, promesso!<\/p>\n\n\n\n<p><\/p>\n","protected":false},"excerpt":{"rendered":"<p>Lo Yoga \u00e8 un\u2019antica disciplina Indiana, una scienza millenaria basata su un sistema armonico di sviluppo del corpo e della mente di un ogni essere umano. Questi elementi non sono separati, ma si influenzano costantemente e reciprocamente. Partendo dal lavoro sul corpo, sciogliendo le tensioni muscolari e articolari, possiamo percepire dei benefici a livello fisico,&hellip;<\/p>\n","protected":false},"author":2,"featured_media":0,"parent":0,"menu_order":0,"comment_status":"closed","ping_status":"closed","template":"","meta":{"footnotes":""},"class_list":["post-67","page","type-page","status-publish","hentry"],"_links":{"self":[{"href":"https:\/\/www.yogacodroipo.it\/index.php?rest_route=\/wp\/v2\/pages\/67","targetHints":{"allow":["GET"]}}],"collection":[{"href":"https:\/\/www.yogacodroipo.it\/index.php?rest_route=\/wp\/v2\/pages"}],"about":[{"href":"https:\/\/www.yogacodroipo.it\/index.php?rest_route=\/wp\/v2\/types\/page"}],"author":[{"embeddable":true,"href":"https:\/\/www.yogacodroipo.it\/index.php?rest_route=\/wp\/v2\/users\/2"}],"replies":[{"embeddable":true,"href":"https:\/\/www.yogacodroipo.it\/index.php?rest_route=%2Fwp%2Fv2%2Fcomments&post=67"}],"version-history":[{"count":10,"href":"https:\/\/www.yogacodroipo.it\/index.php?rest_route=\/wp\/v2\/pages\/67\/revisions"}],"predecessor-version":[{"id":168,"href":"https:\/\/www.yogacodroipo.it\/index.php?rest_route=\/wp\/v2\/pages\/67\/revisions\/168"}],"wp:attachment":[{"href":"https:\/\/www.yogacodroipo.it\/index.php?rest_route=%2Fwp%2Fv2%2Fmedia&parent=67"}],"curies":[{"name":"wp","href":"https:\/\/api.w.org\/{rel}","templated":true}]}}